{"id":38,"date":"2025-06-19T09:20:15","date_gmt":"2025-06-19T09:20:15","guid":{"rendered":"https:\/\/www.salonplastyczny.pl\/?page_id=38"},"modified":"2025-09-09T14:13:28","modified_gmt":"2025-09-09T14:13:28","slug":"zwroty","status":"publish","type":"page","link":"https:\/\/www.salonplastyczny.pl\/index.php\/pl\/front_page\/zwroty\/","title":{"rendered":"Polityka zwrot\u00f3w"},"content":{"rendered":"\n<p>Zasady zwracania zakup\u00f3w<\/p>\n\n\n\n<p>Je\u015bli zam\u00f3wiony produkt okaza\u0142 si\u0119 nietrafiony, mo\u017cesz go w \u0142atwy spos\u00f3b zwr\u00f3ci\u0107. Wystarczy, \u017ce skorzystasz z naszej strony zwrotu zakup\u00f3w, dost\u0119pnej pod adresem <a href=\"https:\/\/furgonetka.pl\/zwroty\/b4f0e28e-ac53-48d4-ba8d-718640f8f0ec\">https:\/\/furgonetka.pl\/zwroty\/b4f0e28e-ac53-48d4-ba8d-718640f8f0ec.<\/a><\/p>\n\n\n\n<figure class=\"wp-block-table aligncenter\"><table class=\"has-fixed-layout\"><tbody><tr><td class=\"has-text-align-center\" data-align=\"center\"> <strong>Wybierasz produkty do zwrotu<\/strong><br><br>Mo\u017cesz zwr\u00f3ci\u0107 wszystkie produkty lub tylko niekt\u00f3re z nich, masz na to 14 dni.<\/td><td class=\"has-text-align-center\" data-align=\"center\"><strong>Okre\u015blasz szczeg\u00f3\u0142y przesy\u0142ki<\/strong><br><br>Pakujesz produkty do paczki, wybierasz opcj\u0119 dostawy i op\u0142acasz przesy\u0142k\u0119 zwrotn\u0105.<\/td><td><strong>Odsy\u0142asz paczk\u0119<\/strong> <br><br>Przekazujesz przesy\u0142k\u0119 zwrotn\u0105 kurierowi lub zanosisz j\u0105 do wybranego punktu nadania.<\/td><td><strong>Otrzymujesz zwrot pieni\u0119dzy<\/strong><br><br>W ci\u0105gu 10 dni otrzymujesz zwrot pieni\u0119dzy, o czym zostaniesz poinformowany mailowo.<\/td><\/tr><\/tbody><\/table><\/figure>\n\n\n\n<h4 class=\"wp-block-heading\">Prawo odst\u0105pienia od umowy<\/h4>\n\n\n\n<p>Masz prawo odst\u0105pi\u0107 od umowy w terminie 7 dni od otrzymania towaru. Pami\u0119taj jednak, \u017ce je\u015bli korzysta\u0142e\u015b z towaru w spos\u00f3b wykraczaj\u0105cy poza konieczne sprawdzenie jego charakteru, cech i funkcjonowania \u2013 tak jak m\u00f3g\u0142by\u015b to zrobi\u0107 w sklepie stacjonarnym \u2013 mo\u017cemy odpowiednio obni\u017cy\u0107 kwot\u0119 zwrotu o warto\u015b\u0107, o jak\u0105 zmniejszy\u0142a si\u0119 warto\u015b\u0107 towaru. Aby skorzysta\u0107 z prawa odst\u0105pienia od umowy, poinformuj nas o swojej decyzji w terminie 5 dni od dnia, w kt\u00f3rym Ty lub osoba trzecia, inna ni\u017c przewo\u017anik i wskazana przez Ciebie fizycznie otrzyma\u0142e\u015b\/otrzyma\u0142a\u015b zakupiony towar. Za jednoznaczne o\u015bwiadczenie uznajemy zarejestrowanie zwrotu na naszej stronie zwrotu zakup\u00f3w (i tak\u0105 form\u0119 rekomendujemy). Je\u015bli wolisz, mo\u017cesz przes\u0142a\u0107 o\u015bwiadczenie o odst\u0105pieniu poczt\u0105 elektroniczn\u0105 na adres sklep@salonplastyczny.pl lub tradycyjn\u0105 na adres: SALONPLASTYCZNY.PL SP\u00d3\u0141KA Z OGRANICZON\u0104 ODPOWIEDZIALNO\u015aCI\u0104<br>Al. Stan\u00f3w Zjednoczonych 51 lok. 503<br>04-028 Warszawa<\/p>\n\n\n\n<p>Prawo odst\u0105pienia od umowy nie przys\u0142uguje Kupuj\u0105cemu w wypadkach okre\u015blonych szczeg\u00f3\u0142owo w art. 38 ust. 1 ustawy z dnia 30 maja 2014 r. o prawach konsumenta.<\/p>\n\n\n\n<h4 class=\"wp-block-heading\">Zwrot pieni\u0119dzy<\/h4>\n\n\n\n<p>W przypadku odst\u0105pienia od umowy zwr\u00f3cimy Ci kwot\u0119 zap\u0142acon\u0105 za towar oraz koszty najta\u0144szej dost\u0119pnej formy dostawy oferowanej przez nasz sklep. W sytuacji, gdy wybra\u0142e\u015b dro\u017csz\u0105 metod\u0119 dostawy, r\u00f3\u017cnica w kosztach nie podlega zwrotowi. Zwrot p\u0142atno\u015bci nast\u0105pi w terminie 15\u00a0dni, a w ka\u017cdym przypadku nie p\u00f3\u017aniej, ni\u017c w ci\u0105gu 17 dni od dnia, w kt\u00f3rym otrzymali\u015bmy o\u015bwiadczenie o odst\u0105pieniu od umowy.<\/p>\n\n\n\n<p>Zastrzegamy sobie mo\u017cliwo\u015b\u0107 wstrzymania si\u0119 ze zwrotem p\u0142atno\u015bci do chwili otrzymania zwracanych towar\u00f3w lub dostarczenia dowodu ich odes\u0142ania. Je\u015bli wybierzesz zwrot za po\u015brednictwem naszej strony do zwrotu zakup\u00f3w, dowodem potwierdzaj\u0105cym odes\u0142anie zwracanych towar\u00f3w b\u0119dzie status przesy\u0142ki zwrotnej, kt\u00f3ry otrzymamy automatycznie po zg\u0142oszeniu zwrotu. Zwrot p\u0142atno\u015bci zostanie dokonany przy u\u017cyciu takich samych sposob\u00f3w p\u0142atno\u015bci, jak w pierwotnej transakcji, chyba \u017ce wyrazisz zgod\u0119 na inne rozwi\u0105zanie.<\/p>\n\n\n\n<p>Kupuj\u0105cy ponosi odpowiedzialno\u015b\u0107 za zmniejszenie warto\u015bci zwracanych produkt\u00f3w b\u0119d\u0105ce wynikiem korzystania z nich w spos\u00f3b wykraczaj\u0105cy poza konieczny do stwierdzenia charakteru, cech i funkcjonowania produkt\u00f3w. Zastrzegamy sobie prawo do dochodzenia wzgl\u0119dem Kupuj\u0105cego z tego tytu\u0142u odszkodowania, w zakresie, w jakim zezwalaj\u0105 na to obowi\u0105zuj\u0105ce przepisy prawa.<\/p>\n\n\n\n<h2 class=\"wp-block-heading\">Zwrot towaru<\/h2>\n\n\n\n<p>Zwracane przedmioty nale\u017cy odes\u0142a\u0107 lub przekaza\u0107 do naszego sklepu niezw\u0142ocznie, a w ka\u017cdym razie nie p\u00f3\u017aniej, ni\u017c 7 dni od dnia, w kt\u00f3rym poinformowa\u0142e\u015b nas o odst\u0105pieniu od umowy. Termin uznajemy za zachowany, je\u017celi rzecz zostanie odes\u0142ana przed up\u0142ywem terminu 7 dni.<br>Koszt odes\u0142ania towaru do naszego sklepu ponosi osoba zwracaj\u0105ca.<\/p>\n\n\n\n<p>Zwracane przedmioty nale\u017cy odes\u0142a\u0107 na adres:<br>SALONPLASTYCZNY.PL SP\u00d3\u0141KA Z OGRANICZON\u0104 ODPOWIEDZIALNO\u015aCI\u0104<br>Al. Stan\u00f3w Zjednoczonych 51 lok. 503<br>04-028 Warszawa<br><\/p>\n","protected":false},"excerpt":{"rendered":"<p>Zasady zwracania zakup\u00f3w Je\u015bli zam\u00f3wiony produkt okaza\u0142 si\u0119 nietrafiony, mo\u017cesz go w \u0142atwy spos\u00f3b zwr\u00f3ci\u0107. Wystarczy, \u017ce skorzystasz z naszej&hellip;<\/p>\n","protected":false},"author":1,"featured_media":0,"parent":11,"menu_order":0,"comment_status":"closed","ping_status":"closed","template":"","meta":{"saved_in_kubio":true,"footnotes":""},"class_list":["post-38","page","type-page","status-publish","hentry"],"kubio_ai_page_context":{"short_desc":"","purpose":"general"},"jetpack_sharing_enabled":true,"_links":{"self":[{"href":"https:\/\/www.salonplastyczny.pl\/index.php\/wp-json\/wp\/v2\/pages\/38","targetHints":{"allow":["GET"]}}],"collection":[{"href":"https:\/\/www.salonplastyczny.pl\/index.php\/wp-json\/wp\/v2\/pages"}],"about":[{"href":"https:\/\/www.salonplastyczny.pl\/index.php\/wp-json\/wp\/v2\/types\/page"}],"author":[{"embeddable":true,"href":"https:\/\/www.salonplastyczny.pl\/index.php\/wp-json\/wp\/v2\/users\/1"}],"replies":[{"embeddable":true,"href":"https:\/\/www.salonplastyczny.pl\/index.php\/wp-json\/wp\/v2\/comments?post=38"}],"version-history":[{"count":3,"href":"https:\/\/www.salonplastyczny.pl\/index.php\/wp-json\/wp\/v2\/pages\/38\/revisions"}],"predecessor-version":[{"id":480,"href":"https:\/\/www.salonplastyczny.pl\/index.php\/wp-json\/wp\/v2\/pages\/38\/revisions\/480"}],"up":[{"embeddable":true,"href":"https:\/\/www.salonplastyczny.pl\/index.php\/wp-json\/wp\/v2\/pages\/11"}],"wp:attachment":[{"href":"https:\/\/www.salonplastyczny.pl\/index.php\/wp-json\/wp\/v2\/media?parent=38"}],"curies":[{"name":"wp","href":"https:\/\/api.w.org\/{rel}","templated":true}]}}