{"id":488,"date":"2025-09-09T15:00:55","date_gmt":"2025-09-09T15:00:55","guid":{"rendered":"https:\/\/www.salonplastyczny.pl\/?page_id=488"},"modified":"2025-09-09T15:18:03","modified_gmt":"2025-09-09T15:18:03","slug":"o-sklepie","status":"publish","type":"page","link":"https:\/\/www.salonplastyczny.pl\/index.php\/pl\/front_page\/o-sklepie\/","title":{"rendered":"O sklepie"},"content":{"rendered":"\n<p><strong>O mnie, firmie i sklepie s\u0142\u00f3w kilka<\/strong><\/p>\n\n\n\n<h4 class=\"wp-block-heading\">O mnie<\/h4>\n\n\n\n<p>Wi\u0119cej na m\u00f3j temat znajdziesz na stronie beciabonnet.pl (<a href=\"https:\/\/www.beciabonnet.pl\/index.php\/sample-page\/\">https:\/\/www.beciabonnet.pl\/index.php\/sample-page\/<\/a>) i jestem te\u017c na facebook-u: <a href=\"https:\/\/www.facebook.com\/p\/BeciaBonnetpl-100063522733113\/\">https:\/\/www.facebook.com\/p\/BeciaBonnetpl-100063522733113\/<\/a> i instagramie: <a href=\"https:\/\/www.instagram.com\/beciabonnet\/\">https:\/\/www.instagram.com\/beciabonnet\/<\/a><\/p>\n\n\n\n<p>Media spo\u0142eczno\u015bciowe to &#8222;nie moja bajka&#8221;, ale staram si\u0119 tam bywa\u0107 od czasu do czasu \ud83d\ude42<\/p>\n\n\n\n<h4 class=\"wp-block-heading\">O firmie<\/h4>\n\n\n\n<p>Firm\u0119 za\u0142o\u017cy\u0142am wiele  lat temu (ponad 10) zaczynaj\u0105c od sklepu stacjonarnego i teraz przekszta\u0142caj\u0105c j\u0105 w model &#8222;wirtualny&#8221;.<\/p>\n\n\n\n<p>Pe\u0142ne dane firmy znajduj\u0105 si\u0119 poni\u017cej:<\/p>\n\n\n\n<p> SALONPLASTYCZNY.PL SP\u00d3\u0141KA Z OGRANICZON\u0104 ODPOWIEDZIALNO\u015aCI\u0104, Al. Stan\u00f3w Zjednoczonych 51 lok. 503, 04-028 Warszawa, NIP: PL-1132896117<\/p>\n\n\n\n<h4 class=\"wp-block-heading\">O sklepie<\/h4>\n\n\n\n<p>Mam nadziej\u0119, \u017ce zainteresuje Was moja propozycja.<\/p>\n\n\n\n<p>Prosz\u0119 pami\u0119ta\u0107, \u017ce nie jestem w stanie pokaza\u0107 wszystkiego co tworz\u0119 i prosz\u0119 pyta\u0107 , je\u015bli chcieliby\u015bcie co\u015b Pa\u0144stwo specjalnie dla siebie.<\/p>\n\n\n\n<p>Na co dzie\u0144 pracuj\u0119 w Warszawie i jestem obecna w mojej rodzinnej dzielnicy : Groch\u00f3w &#8211; Praga Po\u0142udnie \ud83d\ude42<\/p>\n\n\n\n<p>Zapraszam do kontaktu przez media i mail: kontakt@beciabonnet.pl lub sklep@salonplastyczny.pl<\/p>\n","protected":false},"excerpt":{"rendered":"<p>O mnie, firmie i sklepie s\u0142\u00f3w kilka O mnie Wi\u0119cej na m\u00f3j temat znajdziesz na stronie beciabonnet.pl (https:\/\/www.beciabonnet.pl\/index.php\/sample-page\/) i jestem&hellip;<\/p>\n","protected":false},"author":1,"featured_media":0,"parent":11,"menu_order":0,"comment_status":"closed","ping_status":"closed","template":"","meta":{"saved_in_kubio":true,"footnotes":""},"class_list":["post-488","page","type-page","status-publish","hentry"],"kubio_ai_page_context":{"short_desc":"","purpose":"general"},"jetpack_sharing_enabled":true,"_links":{"self":[{"href":"https:\/\/www.salonplastyczny.pl\/index.php\/wp-json\/wp\/v2\/pages\/488","targetHints":{"allow":["GET"]}}],"collection":[{"href":"https:\/\/www.salonplastyczny.pl\/index.php\/wp-json\/wp\/v2\/pages"}],"about":[{"href":"https:\/\/www.salonplastyczny.pl\/index.php\/wp-json\/wp\/v2\/types\/page"}],"author":[{"embeddable":true,"href":"https:\/\/www.salonplastyczny.pl\/index.php\/wp-json\/wp\/v2\/users\/1"}],"replies":[{"embeddable":true,"href":"https:\/\/www.salonplastyczny.pl\/index.php\/wp-json\/wp\/v2\/comments?post=488"}],"version-history":[{"count":4,"href":"https:\/\/www.salonplastyczny.pl\/index.php\/wp-json\/wp\/v2\/pages\/488\/revisions"}],"predecessor-version":[{"id":493,"href":"https:\/\/www.salonplastyczny.pl\/index.php\/wp-json\/wp\/v2\/pages\/488\/revisions\/493"}],"up":[{"embeddable":true,"href":"https:\/\/www.salonplastyczny.pl\/index.php\/wp-json\/wp\/v2\/pages\/11"}],"wp:attachment":[{"href":"https:\/\/www.salonplastyczny.pl\/index.php\/wp-json\/wp\/v2\/media?parent=488"}],"curies":[{"name":"wp","href":"https:\/\/api.w.org\/{rel}","templated":true}]}}