{"id":144,"date":"2025-06-19T09:07:07","date_gmt":"2025-06-19T09:07:07","guid":{"rendered":"https:\/\/www.salonplastyczny.pl\/?post_type=product&#038;p=144"},"modified":"2025-08-26T17:20:41","modified_gmt":"2025-08-26T17:20:41","slug":"czapka","status":"publish","type":"product","link":"https:\/\/www.salonplastyczny.pl\/index.php\/produkt\/czapka\/","title":{"rendered":"czapka"},"content":{"rendered":"<p>r\u0119cznie robiona na szyde\u0142ku<\/p>\n<p>sk\u0142ad 50 % we\u0142na i 50% akryl<\/p>\n","protected":false},"excerpt":{"rendered":"<p>r\u0119cznie robiona na szyde\u0142ku sk\u0142ad 50 % we\u0142na i 50% akryl<\/p>\n","protected":false},"featured_media":129,"comment_status":"open","ping_status":"closed","template":"","meta":{"saved_in_kubio":false},"product_brand":[82],"product_cat":[51],"product_tag":[55,53,56,54,57],"class_list":{"0":"post-144","1":"product","2":"type-product","3":"status-publish","4":"has-post-thumbnail","6":"product_brand-beciabonnet","7":"product_cat-ubrania","8":"product_tag-bonnet","9":"product_tag-czapka","10":"product_tag-czapki","11":"product_tag-hut","12":"product_tag-szydelko","13":"product_shipping_class-decoupage","15":"first","16":"instock","17":"featured","18":"shipping-taxable","19":"purchasable","20":"product-type-simple"},"jetpack_sharing_enabled":true,"_links":{"self":[{"href":"https:\/\/www.salonplastyczny.pl\/index.php\/wp-json\/wp\/v2\/product\/144","targetHints":{"allow":["GET"]}}],"collection":[{"href":"https:\/\/www.salonplastyczny.pl\/index.php\/wp-json\/wp\/v2\/product"}],"about":[{"href":"https:\/\/www.salonplastyczny.pl\/index.php\/wp-json\/wp\/v2\/types\/product"}],"replies":[{"embeddable":true,"href":"https:\/\/www.salonplastyczny.pl\/index.php\/wp-json\/wp\/v2\/comments?post=144"}],"wp:featuredmedia":[{"embeddable":true,"href":"https:\/\/www.salonplastyczny.pl\/index.php\/wp-json\/wp\/v2\/media\/129"}],"wp:attachment":[{"href":"https:\/\/www.salonplastyczny.pl\/index.php\/wp-json\/wp\/v2\/media?parent=144"}],"wp:term":[{"taxonomy":"product_brand","embeddable":true,"href":"https:\/\/www.salonplastyczny.pl\/index.php\/wp-json\/wp\/v2\/product_brand?post=144"},{"taxonomy":"product_cat","embeddable":true,"href":"https:\/\/www.salonplastyczny.pl\/index.php\/wp-json\/wp\/v2\/product_cat?post=144"},{"taxonomy":"product_tag","embeddable":true,"href":"https:\/\/www.salonplastyczny.pl\/index.php\/wp-json\/wp\/v2\/product_tag?post=144"}],"curies":[{"name":"wp","href":"https:\/\/api.w.org\/{rel}","templated":true}]}}