{"id":292,"date":"2025-07-22T17:05:14","date_gmt":"2025-07-22T17:05:14","guid":{"rendered":"https:\/\/www.salonplastyczny.pl\/?post_type=product&#038;p=292"},"modified":"2025-12-03T18:52:28","modified_gmt":"2025-12-03T18:52:28","slug":"sweter-recznie-robiony-brazowy","status":"publish","type":"product","link":"https:\/\/www.salonplastyczny.pl\/index.php\/produkt\/sweter-recznie-robiony-brazowy\/","title":{"rendered":"Sweter r\u0119cznie robiony br\u0105zowy"},"content":{"rendered":"<p><img fetchpriority=\"high\" decoding=\"async\" class=\"alignnone size-medium wp-image-287\" src=\"https:\/\/www.salonplastyczny.pl\/wp-content\/uploads\/2025\/07\/IMG_20250722_173846-225x300.jpg\" alt=\"\" width=\"225\" height=\"300\" srcset=\"https:\/\/www.salonplastyczny.pl\/wp-content\/uploads\/2025\/07\/IMG_20250722_173846-225x300.jpg 225w, https:\/\/www.salonplastyczny.pl\/wp-content\/uploads\/2025\/07\/IMG_20250722_173846-768x1024.jpg 768w, https:\/\/www.salonplastyczny.pl\/wp-content\/uploads\/2025\/07\/IMG_20250722_173846-1152x1536.jpg 1152w, https:\/\/www.salonplastyczny.pl\/wp-content\/uploads\/2025\/07\/IMG_20250722_173846-1536x2048.jpg 1536w, https:\/\/www.salonplastyczny.pl\/wp-content\/uploads\/2025\/07\/IMG_20250722_173846-810x1080.jpg 810w, https:\/\/www.salonplastyczny.pl\/wp-content\/uploads\/2025\/07\/IMG_20250722_173846-1320x1760.jpg 1320w, https:\/\/www.salonplastyczny.pl\/wp-content\/uploads\/2025\/07\/IMG_20250722_173846-600x800.jpg 600w, https:\/\/www.salonplastyczny.pl\/wp-content\/uploads\/2025\/07\/IMG_20250722_173846-scaled.jpg 1920w\" sizes=\"(max-width: 225px) 100vw, 225px\" \/><\/p>\n","protected":false},"excerpt":{"rendered":"<p>Wykonany na drutach z w\u0142\u00f3czki o sk\u0142adzie:<\/p>\n<p>25% moher<\/p>\n<p>25% we\u0142na<\/p>\n<p>50% akryl<\/p>\n","protected":false},"featured_media":288,"comment_status":"open","ping_status":"closed","template":"","meta":{"saved_in_kubio":false},"product_brand":[],"product_cat":[51],"product_tag":[44,79,78,77],"class_list":{"0":"post-292","1":"product","2":"type-product","3":"status-publish","4":"has-post-thumbnail","6":"product_cat-ubrania","7":"product_tag-hand-made","8":"product_tag-prezent","9":"product_tag-recznie-robiony","10":"product_tag-sweter","11":"product_shipping_class-eupl","13":"first","14":"instock","15":"shipping-taxable","16":"purchasable","17":"product-type-simple"},"jetpack_sharing_enabled":true,"_links":{"self":[{"href":"https:\/\/www.salonplastyczny.pl\/index.php\/wp-json\/wp\/v2\/product\/292","targetHints":{"allow":["GET"]}}],"collection":[{"href":"https:\/\/www.salonplastyczny.pl\/index.php\/wp-json\/wp\/v2\/product"}],"about":[{"href":"https:\/\/www.salonplastyczny.pl\/index.php\/wp-json\/wp\/v2\/types\/product"}],"replies":[{"embeddable":true,"href":"https:\/\/www.salonplastyczny.pl\/index.php\/wp-json\/wp\/v2\/comments?post=292"}],"wp:featuredmedia":[{"embeddable":true,"href":"https:\/\/www.salonplastyczny.pl\/index.php\/wp-json\/wp\/v2\/media\/288"}],"wp:attachment":[{"href":"https:\/\/www.salonplastyczny.pl\/index.php\/wp-json\/wp\/v2\/media?parent=292"}],"wp:term":[{"taxonomy":"product_brand","embeddable":true,"href":"https:\/\/www.salonplastyczny.pl\/index.php\/wp-json\/wp\/v2\/product_brand?post=292"},{"taxonomy":"product_cat","embeddable":true,"href":"https:\/\/www.salonplastyczny.pl\/index.php\/wp-json\/wp\/v2\/product_cat?post=292"},{"taxonomy":"product_tag","embeddable":true,"href":"https:\/\/www.salonplastyczny.pl\/index.php\/wp-json\/wp\/v2\/product_tag?post=292"}],"curies":[{"name":"wp","href":"https:\/\/api.w.org\/{rel}","templated":true}]}}