{"id":412,"date":"2025-08-25T08:51:40","date_gmt":"2025-08-25T08:51:40","guid":{"rendered":"https:\/\/www.salonplastyczny.pl\/?post_type=product&#038;p=412"},"modified":"2025-12-03T18:52:27","modified_gmt":"2025-12-03T18:52:27","slug":"czapka-recznie-robiona-na-szydelku-kolor-niebiesko-zielony","status":"publish","type":"product","link":"https:\/\/www.salonplastyczny.pl\/index.php\/produkt\/czapka-recznie-robiona-na-szydelku-kolor-niebiesko-zielony\/","title":{"rendered":"Czapka r\u0119cznie robiona na szyde\u0142ku kolor niebiesko &#8211; zielony"},"content":{"rendered":"<p>Czapka r\u0119cznie robiona na szyde\u0142ku kolor niebiesko &#8211; zielony<\/p>\n<p>Moher 15 % Akryl 85 %<\/p>\n","protected":false},"excerpt":{"rendered":"<p>R\u0119cznie wykonana szyde\u0142kiem<\/p>\n","protected":false},"featured_media":410,"comment_status":"open","ping_status":"closed","template":"","meta":{"saved_in_kubio":false},"product_brand":[82],"product_cat":[51],"product_tag":[83,55,53,86,85,84],"class_list":{"0":"post-412","1":"product","2":"type-product","3":"status-publish","4":"has-post-thumbnail","6":"product_brand-beciabonnet","7":"product_cat-ubrania","8":"product_tag-beciabonnet","9":"product_tag-bonnet","10":"product_tag-czapka","11":"product_tag-glowa","12":"product_tag-jesien","13":"product_tag-zima","14":"product_shipping_class-decoupage","16":"first","17":"instock","18":"featured","19":"sold-individually","20":"shipping-taxable","21":"purchasable","22":"product-type-simple"},"jetpack_sharing_enabled":true,"_links":{"self":[{"href":"https:\/\/www.salonplastyczny.pl\/index.php\/wp-json\/wp\/v2\/product\/412","targetHints":{"allow":["GET"]}}],"collection":[{"href":"https:\/\/www.salonplastyczny.pl\/index.php\/wp-json\/wp\/v2\/product"}],"about":[{"href":"https:\/\/www.salonplastyczny.pl\/index.php\/wp-json\/wp\/v2\/types\/product"}],"replies":[{"embeddable":true,"href":"https:\/\/www.salonplastyczny.pl\/index.php\/wp-json\/wp\/v2\/comments?post=412"}],"wp:featuredmedia":[{"embeddable":true,"href":"https:\/\/www.salonplastyczny.pl\/index.php\/wp-json\/wp\/v2\/media\/410"}],"wp:attachment":[{"href":"https:\/\/www.salonplastyczny.pl\/index.php\/wp-json\/wp\/v2\/media?parent=412"}],"wp:term":[{"taxonomy":"product_brand","embeddable":true,"href":"https:\/\/www.salonplastyczny.pl\/index.php\/wp-json\/wp\/v2\/product_brand?post=412"},{"taxonomy":"product_cat","embeddable":true,"href":"https:\/\/www.salonplastyczny.pl\/index.php\/wp-json\/wp\/v2\/product_cat?post=412"},{"taxonomy":"product_tag","embeddable":true,"href":"https:\/\/www.salonplastyczny.pl\/index.php\/wp-json\/wp\/v2\/product_tag?post=412"}],"curies":[{"name":"wp","href":"https:\/\/api.w.org\/{rel}","templated":true}]}}