{"id":415,"date":"2025-08-25T09:18:34","date_gmt":"2025-08-25T09:18:34","guid":{"rendered":"https:\/\/www.salonplastyczny.pl\/?post_type=product&#038;p=415"},"modified":"2025-12-03T18:52:27","modified_gmt":"2025-12-03T18:52:27","slug":"czapka-recznie-robiona-kolorowa","status":"publish","type":"product","link":"https:\/\/www.salonplastyczny.pl\/index.php\/produkt\/czapka-recznie-robiona-kolorowa\/","title":{"rendered":"Czapka r\u0119cznie robiona kolorowa"},"content":{"rendered":"<p>Wykonana w 49 % z we\u0142ny i 51 % akrylu<\/p>\n","protected":false},"excerpt":{"rendered":"<p>R\u0119cznie wykonana szyde\u0142kiem 49 % we\u0142na i 51 akryl<\/p>\n","protected":false},"featured_media":417,"comment_status":"open","ping_status":"closed","template":"","meta":{"saved_in_kubio":false},"product_brand":[82],"product_cat":[51],"product_tag":[83,55,53,56,44,85,57,48,47,67,84],"class_list":{"0":"post-415","1":"product","2":"type-product","3":"status-publish","4":"has-post-thumbnail","6":"product_brand-beciabonnet","7":"product_cat-ubrania","8":"product_tag-beciabonnet","9":"product_tag-bonnet","10":"product_tag-czapka","11":"product_tag-czapki","12":"product_tag-hand-made","13":"product_tag-jesien","14":"product_tag-szydelko","15":"product_tag-ubrania","16":"product_tag-ubranie","17":"product_tag-zabawka","18":"product_tag-zima","19":"product_shipping_class-decoupage","21":"first","22":"instock","23":"featured","24":"shipping-taxable","25":"purchasable","26":"product-type-simple"},"jetpack_sharing_enabled":true,"_links":{"self":[{"href":"https:\/\/www.salonplastyczny.pl\/index.php\/wp-json\/wp\/v2\/product\/415","targetHints":{"allow":["GET"]}}],"collection":[{"href":"https:\/\/www.salonplastyczny.pl\/index.php\/wp-json\/wp\/v2\/product"}],"about":[{"href":"https:\/\/www.salonplastyczny.pl\/index.php\/wp-json\/wp\/v2\/types\/product"}],"replies":[{"embeddable":true,"href":"https:\/\/www.salonplastyczny.pl\/index.php\/wp-json\/wp\/v2\/comments?post=415"}],"wp:featuredmedia":[{"embeddable":true,"href":"https:\/\/www.salonplastyczny.pl\/index.php\/wp-json\/wp\/v2\/media\/417"}],"wp:attachment":[{"href":"https:\/\/www.salonplastyczny.pl\/index.php\/wp-json\/wp\/v2\/media?parent=415"}],"wp:term":[{"taxonomy":"product_brand","embeddable":true,"href":"https:\/\/www.salonplastyczny.pl\/index.php\/wp-json\/wp\/v2\/product_brand?post=415"},{"taxonomy":"product_cat","embeddable":true,"href":"https:\/\/www.salonplastyczny.pl\/index.php\/wp-json\/wp\/v2\/product_cat?post=415"},{"taxonomy":"product_tag","embeddable":true,"href":"https:\/\/www.salonplastyczny.pl\/index.php\/wp-json\/wp\/v2\/product_tag?post=415"}],"curies":[{"name":"wp","href":"https:\/\/api.w.org\/{rel}","templated":true}]}}