{"id":432,"date":"2025-08-25T09:34:20","date_gmt":"2025-08-25T09:34:20","guid":{"rendered":"https:\/\/www.salonplastyczny.pl\/?post_type=product&#038;p=432"},"modified":"2025-12-03T18:52:27","modified_gmt":"2025-12-03T18:52:27","slug":"chusta-cieniowana-recznie-robiona-dluga","status":"publish","type":"product","link":"https:\/\/www.salonplastyczny.pl\/index.php\/produkt\/chusta-cieniowana-recznie-robiona-dluga\/","title":{"rendered":"Chusta cieniowana, r\u0119cznie robiona, d\u0142uga"},"content":{"rendered":"<p>chusta tr\u00f3jk\u0105tna, szal, hand made<\/p>\n<p>20% we\u0142na, 10% moher i 70% akryl<\/p>\n","protected":false},"excerpt":{"rendered":"<p>Cieniowana, DU\u017bA, wykonana szyde\u0142kiem 20<\/p>\n","protected":false},"featured_media":389,"comment_status":"open","ping_status":"closed","template":"","meta":{"saved_in_kubio":false},"product_brand":[82],"product_cat":[51],"product_tag":[59,44,58,47],"class_list":{"0":"post-432","1":"product","2":"type-product","3":"status-publish","4":"has-post-thumbnail","6":"product_brand-beciabonnet","7":"product_cat-ubrania","8":"product_tag-chusta","9":"product_tag-hand-made","10":"product_tag-szal","11":"product_tag-ubranie","12":"product_shipping_class-eupl","14":"first","15":"instock","16":"featured","17":"shipping-taxable","18":"purchasable","19":"product-type-simple"},"jetpack_sharing_enabled":true,"_links":{"self":[{"href":"https:\/\/www.salonplastyczny.pl\/index.php\/wp-json\/wp\/v2\/product\/432","targetHints":{"allow":["GET"]}}],"collection":[{"href":"https:\/\/www.salonplastyczny.pl\/index.php\/wp-json\/wp\/v2\/product"}],"about":[{"href":"https:\/\/www.salonplastyczny.pl\/index.php\/wp-json\/wp\/v2\/types\/product"}],"replies":[{"embeddable":true,"href":"https:\/\/www.salonplastyczny.pl\/index.php\/wp-json\/wp\/v2\/comments?post=432"}],"wp:featuredmedia":[{"embeddable":true,"href":"https:\/\/www.salonplastyczny.pl\/index.php\/wp-json\/wp\/v2\/media\/389"}],"wp:attachment":[{"href":"https:\/\/www.salonplastyczny.pl\/index.php\/wp-json\/wp\/v2\/media?parent=432"}],"wp:term":[{"taxonomy":"product_brand","embeddable":true,"href":"https:\/\/www.salonplastyczny.pl\/index.php\/wp-json\/wp\/v2\/product_brand?post=432"},{"taxonomy":"product_cat","embeddable":true,"href":"https:\/\/www.salonplastyczny.pl\/index.php\/wp-json\/wp\/v2\/product_cat?post=432"},{"taxonomy":"product_tag","embeddable":true,"href":"https:\/\/www.salonplastyczny.pl\/index.php\/wp-json\/wp\/v2\/product_tag?post=432"}],"curies":[{"name":"wp","href":"https:\/\/api.w.org\/{rel}","templated":true}]}}